{"id":2280,"date":"2017-02-26T18:43:47","date_gmt":"2017-02-26T17:43:47","guid":{"rendered":"http:\/\/carnica.adante.systems\/?page_id=2280"},"modified":"2024-01-11T11:39:25","modified_gmt":"2024-01-11T10:39:25","slug":"zajazdy","status":"publish","type":"page","link":"https:\/\/carnica.sk\/carnica\/zajazdy\/","title":{"rendered":"z\u00e1jazdy"},"content":{"rendered":"<h5><span style=\"color: #ff0000;\">2023<\/span><\/h5>\n<p><span style=\"color: #000000;\">Taliansko &#8211; Minturno<\/span><\/p>\n<h5><span style=\"color: #ff0000;\">2019<\/span><\/h5>\n<p><span style=\"color: #000000;\">Po\u013esko &#8211; Bialystok<\/span><\/p>\n<h5><span style=\"color: #ff0000;\">2018<\/span><\/h5>\n<p><span style=\"color: #003300;\">Srbsko &#8211; \u010ca\u010dak<\/span><\/p>\n<h5><span style=\"color: #ff0000;\">2017<\/span><\/h5>\n<p><span style=\"color: #003300;\">Franc\u00fazsko &#8211; Valentigney, Chamb\u00e9ry, Marseille<\/span><\/p>\n<h5><span style=\"color: #ff0000;\">2016<\/span><\/h5>\n<p><span style=\"color: #003300;\">Po\u013esko &#8211; \u015amigiel<\/span><\/p>\n<h5><span style=\"color: #ff0000;\">2015<\/span><\/h5>\n<p><span style=\"color: #003300;\">Rumunsko &#8211; \u010cerpotok<\/span><\/p>\n<p><span style=\"color: #003300;\">\u010cesko &#8211; Lipt\u00e1l<\/span><\/p>\n<h5><span style=\"color: #ff0000;\">2014<\/span><\/h5>\n<p><span style=\"color: #003300;\">Portugalsko &#8211; Faro<\/span><\/p>\n<h5><span style=\"color: #ff0000;\">2013<\/span><\/h5>\n<p><span style=\"color: #003300;\">Franc\u00fazsko &#8211; Chateau-Gomb\u00e9rt, Marseille<\/span><\/p>\n<h5><span style=\"color: #ff0000;\">2012<\/span><\/h5>\n<p><span style=\"color: #003300;\">Portugalsko &#8211; Benfica do Ribatejo<\/span><\/p>\n<p><span style=\"color: #003300;\">\u0160panielsko &#8211; San Sebastian<\/span><\/p>\n<p><span style=\"color: #003300;\">Po\u013esko &#8211; Katowice<\/span><\/p>\n<h5><span style=\"color: #ff0000;\">2011<\/span><\/h5>\n<p><span style=\"color: #003300;\">Turecko &#8211; Bursa<\/span><\/p>\n<h5><span style=\"color: #ff0000;\">2010<\/span><\/h5>\n<p><span style=\"color: #2a703c;\"><span style=\"color: #003300;\">Franc\u00fazsko &#8211; Pontivy<\/span><br \/>\n<\/span><\/p>\n<h5><span style=\"color: #ff0000;\">2009<\/span><\/h5>\n<p><span style=\"color: #2a703c;\"><span style=\"color: #51504d;\"><span style=\"color: #003300;\">Nemecko &#8211; Bitburg<\/span><\/span><\/span><\/p>\n<p><span style=\"color: #2a703c;\"><span style=\"color: #51504d;\"><span style=\"color: #003300;\">\u010cesko &#8211; Fren\u0161t\u00e1t pod Radho\u0161t\u011bm<\/span><\/span><\/span><\/p>\n<p><span style=\"color: #2a703c;\"><span style=\"color: #51504d;\"><span style=\"color: #003300;\">\u010cesko &#8211; Plze\u0148<\/span><br \/>\n<\/span><\/span><\/p>\n<h5><span style=\"color: #ff0000;\">2008<\/span><\/h5>\n<p><span style=\"color: #2a703c;\"><span style=\"color: #51504d;\"><span style=\"color: #003300;\">Po\u013esko &#8211; Krosno<\/span><br \/>\n<\/span><\/span><\/p>\n<h5><span style=\"color: #ff0000;\">2006<\/span><\/h5>\n<p><span style=\"color: #2a703c;\"><span style=\"color: #51504d;\"><span style=\"color: #003300;\">Franc\u00fazsko &#8211; Tours<\/span><\/span><\/span><\/p>\n<p><span style=\"color: #2a703c;\"><span style=\"color: #51504d;\"><span style=\"color: #003300;\">\u010cesko &#8211; Lipt\u00e1l, Praha<\/span><br \/>\n<\/span><\/span><\/p>\n<h5><span style=\"color: #ff0000;\">2005<\/span><\/h5>\n<p><span style=\"color: #003300;\">Taliansko &#8211; Verona<\/span><\/p>\n<p><span style=\"color: #003300;\">\u010cesko &#8211; Svatobo\u0159ice-Mist\u0159\u00edn <\/span><\/p>\n<p><span style=\"color: #2a703c;\"><span style=\"color: #51504d;\"><span style=\"color: #003300;\">Franc\u00fazsko &#8211; Dijon<\/span><br \/>\n<\/span><\/span><\/p>\n<h5><span style=\"color: #ff0000;\">2004<\/span><\/h5>\n<p><span style=\"color: #2a703c;\"><span style=\"color: #51504d;\"><span style=\"color: #003300;\">Slovensko &#8211; Dubnica nad v\u00e1hom<\/span><br \/>\n<\/span><\/span><\/p>\n<h5><span style=\"color: #ff0000;\">2003<\/span><\/h5>\n<p><span style=\"color: #2a703c;\"><span style=\"color: #51504d;\"><span style=\"color: #003300;\">\u010cesko &#8211; \u010cerven\u00fd Kostelec<\/span><br \/>\n<\/span><\/span><\/p>\n<h5><span style=\"color: #ff0000;\">2002<\/span><\/h5>\n<p><span style=\"color: #2a703c;\"><span style=\"color: #51504d;\"><span style=\"color: #003300;\">\u010cesko &#8211; \u0160umperk<\/span><br \/>\n<\/span><\/span><\/p>\n<h5><span style=\"color: #ff0000;\">2001<\/span><\/h5>\n<p><span style=\"color: #2a703c;\"><span style=\"color: #51504d;\"><span style=\"color: #003300;\">Ma\u010farsko &#8211; Salgotarj\u00e1n<\/span><br \/>\n<\/span><\/span><\/p>\n<h5><span style=\"color: #ff0000;\">2000<\/span><\/h5>\n<p><span style=\"color: #2a703c;\"><span style=\"color: #51504d;\"><span style=\"color: #003300;\">Ma\u010farsko<\/span><br \/>\n<\/span><\/span><\/p>\n<h5><span style=\"color: #ff0000;\">1999<\/span><\/h5>\n<p><span style=\"color: #2a703c;\"><span style=\"color: #51504d;\"><span style=\"color: #003300;\">Franc\u00fazsko &#8211; Voiron<\/span><br \/>\n<\/span><\/span><\/p>\n<h5><span style=\"color: #ff0000;\">1998<\/span><\/h5>\n<p><span style=\"color: #2a703c;\"><span style=\"color: #51504d;\"><span style=\"color: #003300;\">Turecko &#8211; Izmir<\/span><br \/>\n<\/span><\/span><\/p>\n<h5><span style=\"color: #ff0000;\">1997<\/span><\/h5>\n<p><span style=\"color: #2a703c;\"><span style=\"color: #51504d;\"><span style=\"color: #003300;\">\u010cesko &#8211; Praha<\/span><br \/>\n<\/span><\/span><\/p>\n<h5><span style=\"color: #ff0000;\">1996<\/span><\/h5>\n<p><span style=\"color: #2a703c;\"><span style=\"color: #51504d;\"><span style=\"color: #003300;\">Holandsko &#8211; Odoorn<\/span><br \/>\n<\/span><\/span><\/p>\n<h5><span style=\"color: #ff0000;\">1995<\/span><\/h5>\n<p><span style=\"color: #003300;\">Franc\u00fazsko &#8211; Bray-Dunes,<\/span><\/p>\n<p><span style=\"color: #2a703c;\"><span style=\"color: #51504d;\"><span style=\"color: #003300;\"> Anglicko &#8211; Milton Keynes<\/span><br \/>\n<\/span><\/span><\/p>\n<h5><span style=\"color: #ff0000;\">1992<\/span><\/h5>\n<p><span style=\"color: #003300;\">Franc\u00fazsko &#8211; Marseille<\/span><\/p>\n<p><span style=\"color: #2a703c;\"><span style=\"color: #51504d;\"><span style=\"color: #003300;\"> Nemecko &#8211; Augsburg<\/span><br \/>\n<\/span><\/span><\/p>\n<h5><span style=\"color: #ff0000;\">1991<\/span><\/h5>\n<p><span style=\"color: #2a703c;\"><span style=\"color: #51504d;\"><span style=\"color: #003300;\">Franc\u00fazsko &#8211; La Rochelle<\/span><br \/>\n<\/span><\/span><\/p>\n<h5><span style=\"color: #ff0000;\">1990<\/span><\/h5>\n<p><span style=\"color: #2a703c;\"><span style=\"color: #51504d;\"><span style=\"color: #003300;\">Turecko &#8211; Antalya<\/span><br \/>\n<\/span><\/span><\/p>\n<h5><span style=\"color: #ff0000;\">1989<\/span><\/h5>\n<p><span style=\"color: #2a703c;\"><span style=\"color: #51504d;\"><span style=\"color: #003300;\">Turecko &#8211; Istanbul<\/span><br \/>\n<\/span><\/span><\/p>\n","protected":false},"excerpt":{"rendered":"<p>2023 Taliansko &#8211; Minturno 2019 Po\u013esko &#8211; Bialystok 2018 Srbsko &#8211; \u010ca\u010dak 2017 Franc\u00fazsko &#8211; Valentigney, Chamb\u00e9ry, Marseille 2016 Po\u013esko &#8211; \u015amigiel 2015 Rumunsko &#8211; \u010cerpotok \u010cesko &#8211; Lipt\u00e1l 2014 Portugalsko &#8211; Faro 2013 Franc\u00fazsko &#8211; Chateau-Gomb\u00e9rt, Marseille 2012 Portugalsko &#8211; Benfica do Ribatejo \u0160panielsko &#8211; San Sebastian Po\u013esko &#8211; Katowice 2011 Turecko &#8211; Bursa<\/p>\n<div><a class=\"btn-filled btn\" href=\"https:\/\/carnica.sk\/carnica\/zajazdy\/\" title=\"z\u00e1jazdy\">Read More<\/a><\/div>\n","protected":false},"author":1,"featured_media":0,"parent":0,"menu_order":0,"comment_status":"closed","ping_status":"closed","template":"page-templates\/full-width.php","meta":{"spay_email":""},"jetpack_sharing_enabled":true,"jetpack_shortlink":"https:\/\/wp.me\/P8qVgM-AM","_links":{"self":[{"href":"https:\/\/carnica.sk\/carnica\/wp-json\/wp\/v2\/pages\/2280"}],"collection":[{"href":"https:\/\/carnica.sk\/carnica\/wp-json\/wp\/v2\/pages"}],"about":[{"href":"https:\/\/carnica.sk\/carnica\/wp-json\/wp\/v2\/types\/page"}],"author":[{"embeddable":true,"href":"https:\/\/carnica.sk\/carnica\/wp-json\/wp\/v2\/users\/1"}],"replies":[{"embeddable":true,"href":"https:\/\/carnica.sk\/carnica\/wp-json\/wp\/v2\/comments?post=2280"}],"version-history":[{"count":13,"href":"https:\/\/carnica.sk\/carnica\/wp-json\/wp\/v2\/pages\/2280\/revisions"}],"predecessor-version":[{"id":40259,"href":"https:\/\/carnica.sk\/carnica\/wp-json\/wp\/v2\/pages\/2280\/revisions\/40259"}],"wp:attachment":[{"href":"https:\/\/carnica.sk\/carnica\/wp-json\/wp\/v2\/media?parent=2280"}],"curies":[{"name":"wp","href":"https:\/\/api.w.org\/{rel}","templated":true}]}}