{"id":2315,"date":"2017-02-26T19:58:04","date_gmt":"2017-02-26T18:58:04","guid":{"rendered":"http:\/\/carnica.adante.systems\/?page_id=2315"},"modified":"2025-03-13T11:15:32","modified_gmt":"2025-03-13T10:15:32","slug":"uvidite-nas","status":"publish","type":"page","link":"https:\/\/carnica.sk\/carnica\/uvidite-nas\/","title":{"rendered":"uvid\u00edte n\u00e1s"},"content":{"rendered":"\n<p>07.06.2025 &#8211; Rozhanovce<\/p>\n\n\n\n<p>05.07.2025 &#8211; Bretejovce<\/p>\n\n\n\n<p>20.07.2025 &#8211; Pozdi\u0161ovce<\/p>\n\n\n\n<p><strong>16 &#8211; 21.08.2025 &#8211; Ma\u010farsko &#8211; Sarvar<\/strong><\/p>\n\n\n\n<p>29.08.2025 &#8211; Budim\u00edr<\/p>\n","protected":false},"excerpt":{"rendered":"<p>07.06.2025 &#8211; Rozhanovce 05.07.2025 &#8211; Bretejovce 20.07.2025 &#8211; Pozdi\u0161ovce 16 &#8211; 21.08.2025 &#8211; Ma\u010farsko &#8211; Sarvar 29.08.2025 &#8211; Budim\u00edr<\/p>\n","protected":false},"author":1,"featured_media":0,"parent":0,"menu_order":0,"comment_status":"closed","ping_status":"closed","template":"page-templates\/full-width.php","meta":{"spay_email":""},"jetpack_sharing_enabled":true,"jetpack_shortlink":"https:\/\/wp.me\/P8qVgM-Bl","_links":{"self":[{"href":"https:\/\/carnica.sk\/carnica\/wp-json\/wp\/v2\/pages\/2315"}],"collection":[{"href":"https:\/\/carnica.sk\/carnica\/wp-json\/wp\/v2\/pages"}],"about":[{"href":"https:\/\/carnica.sk\/carnica\/wp-json\/wp\/v2\/types\/page"}],"author":[{"embeddable":true,"href":"https:\/\/carnica.sk\/carnica\/wp-json\/wp\/v2\/users\/1"}],"replies":[{"embeddable":true,"href":"https:\/\/carnica.sk\/carnica\/wp-json\/wp\/v2\/comments?post=2315"}],"version-history":[{"count":39,"href":"https:\/\/carnica.sk\/carnica\/wp-json\/wp\/v2\/pages\/2315\/revisions"}],"predecessor-version":[{"id":41222,"href":"https:\/\/carnica.sk\/carnica\/wp-json\/wp\/v2\/pages\/2315\/revisions\/41222"}],"wp:attachment":[{"href":"https:\/\/carnica.sk\/carnica\/wp-json\/wp\/v2\/media?parent=2315"}],"curies":[{"name":"wp","href":"https:\/\/api.w.org\/{rel}","templated":true}]}}