{"id":2316,"date":"2017-02-26T19:58:04","date_gmt":"2017-02-26T18:58:04","guid":{"rendered":"http:\/\/carnica.adante.systems\/?page_id=2316"},"modified":"2025-03-13T11:29:03","modified_gmt":"2025-03-13T10:29:03","slug":"tanec","status":"publish","type":"page","link":"https:\/\/carnica.sk\/carnica\/tanec\/","title":{"rendered":"tanec"},"content":{"rendered":"<p><span style=\"color: #ff0000;\"><img decoding=\"async\" loading=\"lazy\" class=\"wp-image-35974 size-large\" src=\"https:\/\/i1.wp.com\/carnica.sk\/carnica\/wp-content\/uploads\/2023\/08\/IMG_0688-scaled-e1691403521221-1024x409.jpg?resize=1024%2C409\" alt=\"\" width=\"1024\" height=\"409\" srcset=\"https:\/\/i0.wp.com\/carnica.sk\/carnica\/wp-content\/uploads\/2023\/08\/IMG_0688-scaled-e1691403521221.jpg?resize=1024%2C409&amp;ssl=1 1024w, https:\/\/i0.wp.com\/carnica.sk\/carnica\/wp-content\/uploads\/2023\/08\/IMG_0688-scaled-e1691403521221.jpg?resize=300%2C120&amp;ssl=1 300w, https:\/\/i0.wp.com\/carnica.sk\/carnica\/wp-content\/uploads\/2023\/08\/IMG_0688-scaled-e1691403521221.jpg?resize=768%2C307&amp;ssl=1 768w, https:\/\/i0.wp.com\/carnica.sk\/carnica\/wp-content\/uploads\/2023\/08\/IMG_0688-scaled-e1691403521221.jpg?resize=1536%2C614&amp;ssl=1 1536w, https:\/\/i0.wp.com\/carnica.sk\/carnica\/wp-content\/uploads\/2023\/08\/IMG_0688-scaled-e1691403521221.jpg?resize=2048%2C818&amp;ssl=1 2048w, https:\/\/i0.wp.com\/carnica.sk\/carnica\/wp-content\/uploads\/2023\/08\/IMG_0688-scaled-e1691403521221.jpg?w=2280 2280w\" sizes=\"(max-width: 1024px) 100vw, 1024px\" data-recalc-dims=\"1\" \/><\/span><\/p>\n<p style=\"text-align: center;\">\u00a0<\/p>\n<p style=\"text-align: center;\"><span style=\"color: #ff0000;\">Bibkov\u00e1<\/span> <span style=\"color: #ff0000;\">Catherine<\/span><\/p>\n<p style=\"text-align: center;\"><span style=\"color: #ff0000;\">Butkayov\u00e1 Al\u017ebeta<\/span><\/p>\n<p style=\"text-align: center;\"><span style=\"color: #ff0000;\">Hakulinov\u00e1 J\u00falia<\/span><br \/><span style=\"color: #ff0000;\">Hric Simona<\/span><\/p>\n<p style=\"text-align: center;\"><span style=\"color: #ff0000;\">Javorov\u00e1 Anna<\/span><\/p>\n<p style=\"text-align: center;\"><span style=\"color: #ff0000;\">Kicov\u00e1 Nina<\/span><\/p>\n<p style=\"text-align: center;\"><span style=\"color: #ff0000;\">Ku\u010derov\u00e1<\/span> <span style=\"color: #ff0000;\">Ester<\/span><\/p>\n<p style=\"text-align: center;\"><span style=\"color: #ff0000;\">Lisiov\u00e1 Miriam<\/span><\/p>\n<p style=\"text-align: center;\"><span style=\"color: #ff0000;\">Micov\u00e1 Zuzana<\/span><\/p>\n<p style=\"text-align: center;\"><span style=\"color: #ff0000;\">Mol\u010dakov\u00e1 Lenka<\/span><\/p>\n<p style=\"text-align: center;\"><span style=\"color: #ff0000;\">Mol\u010danov\u00e1<\/span> <span style=\"color: #ff0000;\">Gabriela<\/span><\/p>\n<p style=\"text-align: center;\"><span style=\"color: #ff0000;\">Papcunov\u00e1 Ba\u0161a<\/span><\/p>\n<p style=\"text-align: center;\"><span style=\"color: #ff0000;\">Petrov\u00e1 Martina<\/span><\/p>\n<p style=\"text-align: center;\"><span style=\"color: #ff0000;\">Prokopov\u00e1 Karin<br \/>\u0160vecov\u00e1 Diana<\/span><\/p>\n<p style=\"text-align: center;\"><span style=\"color: #ff0000;\">Vinterov\u00e1 Rebecca<\/span><\/p>\n<p>\u00a0<\/p>\n<p style=\"text-align: center;\"><span style=\"color: #0000ff;\">Bar\u00e1nek Ri\u0161ko<\/span><\/p>\n<p style=\"text-align: center;\"><span style=\"color: #0000ff;\">Bukata Daniel<\/span><\/p>\n<p style=\"text-align: center;\"><span style=\"color: #0000ff;\">Oskar Cacara<\/span><\/p>\n<p style=\"text-align: center;\"><span style=\"color: #0000ff;\">\u010caba Tom\u00e1\u0161<\/span><\/p>\n<p style=\"text-align: center;\"><span style=\"color: #0000ff;\">Horizral Luk\u00e1\u0161 <\/span><br \/><span style=\"color: #0000ff;\">Hric Peter <\/span><br \/><span style=\"color: #0000ff;\">Ivan Sebasti\u00e1n<\/span><\/p>\n<p style=\"text-align: center;\"><span style=\"color: #0000ff;\">Ivan Valentino<\/span><\/p>\n<p style=\"text-align: center;\"><span style=\"color: #0000ff;\">Joke\u013e Flori\u00e1n<\/span><\/p>\n<p style=\"text-align: center;\"><span style=\"color: #0000ff;\">Klein M\u00e1rio<\/span><\/p>\n<p style=\"text-align: center;\"><span style=\"color: #0000ff;\">Kram\u00e1r Juraj<\/span><\/p>\n<p style=\"text-align: center;\"><span style=\"color: #0000ff;\">Mitro Sergej<\/span><\/p>\n<p style=\"text-align: center;\"><span style=\"color: #0000ff;\">Pa\u0148ak Timotej<\/span><br \/><span style=\"color: #0000ff;\">Pipta R\u00f3bert<\/span><br \/><span style=\"color: #0000ff;\">Tom\u010d\u00edk Martin<\/span><\/p>\n<p style=\"text-align: center;\"><span style=\"color: #0000ff;\">Vinc Noro<\/span><\/p>\n<p>\u00a0<\/p>\n\n\n<p><\/p>\n","protected":false},"excerpt":{"rendered":"<p>\u00a0 Bibkov\u00e1 Catherine Butkayov\u00e1 Al\u017ebeta Hakulinov\u00e1 J\u00faliaHric Simona Javorov\u00e1 Anna Kicov\u00e1 Nina Ku\u010derov\u00e1 Ester Lisiov\u00e1 Miriam Micov\u00e1 Zuzana Mol\u010dakov\u00e1 Lenka Mol\u010danov\u00e1 Gabriela Papcunov\u00e1 Ba\u0161a Petrov\u00e1 Martina Prokopov\u00e1 Karin\u0160vecov\u00e1 Diana Vinterov\u00e1 Rebecca \u00a0 Bar\u00e1nek Ri\u0161ko Bukata Daniel Oskar Cacara \u010caba Tom\u00e1\u0161 Horizral Luk\u00e1\u0161 Hric Peter Ivan Sebasti\u00e1n Ivan Valentino Joke\u013e Flori\u00e1n Klein M\u00e1rio Kram\u00e1r Juraj Mitro<\/p>\n<div><a class=\"btn-filled btn\" href=\"https:\/\/carnica.sk\/carnica\/tanec\/\" title=\"tanec\">Read More<\/a><\/div>\n","protected":false},"author":1,"featured_media":0,"parent":0,"menu_order":0,"comment_status":"closed","ping_status":"closed","template":"page-templates\/full-width.php","meta":{"spay_email":""},"jetpack_sharing_enabled":true,"jetpack_shortlink":"https:\/\/wp.me\/P8qVgM-Bm","_links":{"self":[{"href":"https:\/\/carnica.sk\/carnica\/wp-json\/wp\/v2\/pages\/2316"}],"collection":[{"href":"https:\/\/carnica.sk\/carnica\/wp-json\/wp\/v2\/pages"}],"about":[{"href":"https:\/\/carnica.sk\/carnica\/wp-json\/wp\/v2\/types\/page"}],"author":[{"embeddable":true,"href":"https:\/\/carnica.sk\/carnica\/wp-json\/wp\/v2\/users\/1"}],"replies":[{"embeddable":true,"href":"https:\/\/carnica.sk\/carnica\/wp-json\/wp\/v2\/comments?post=2316"}],"version-history":[{"count":67,"href":"https:\/\/carnica.sk\/carnica\/wp-json\/wp\/v2\/pages\/2316\/revisions"}],"predecessor-version":[{"id":41224,"href":"https:\/\/carnica.sk\/carnica\/wp-json\/wp\/v2\/pages\/2316\/revisions\/41224"}],"wp:attachment":[{"href":"https:\/\/carnica.sk\/carnica\/wp-json\/wp\/v2\/media?parent=2316"}],"curies":[{"name":"wp","href":"https:\/\/api.w.org\/{rel}","templated":true}]}}