{"id":2319,"date":"2017-02-26T19:58:04","date_gmt":"2017-02-26T18:58:04","guid":{"rendered":"http:\/\/carnica.adante.systems\/?page_id=2319"},"modified":"2018-03-07T08:20:59","modified_gmt":"2018-03-07T07:20:59","slug":"spev","status":"publish","type":"page","link":"https:\/\/carnica.sk\/carnica\/spev\/","title":{"rendered":"spev"},"content":{"rendered":"<h2><\/h2>\n<h2><img decoding=\"async\" loading=\"lazy\" class=\"aligncenter wp-image-3655 size-large\" src=\"https:\/\/i2.wp.com\/carnica.sk\/carnica\/wp-content\/uploads\/2018\/03\/cd.png?resize=1024%2C506\" alt=\"\" width=\"1024\" height=\"506\" srcset=\"https:\/\/i2.wp.com\/carnica.sk\/carnica\/wp-content\/uploads\/2018\/03\/cd.png?resize=1024%2C506&amp;ssl=1 1024w, https:\/\/i2.wp.com\/carnica.sk\/carnica\/wp-content\/uploads\/2018\/03\/cd.png?resize=300%2C148&amp;ssl=1 300w, https:\/\/i2.wp.com\/carnica.sk\/carnica\/wp-content\/uploads\/2018\/03\/cd.png?resize=768%2C380&amp;ssl=1 768w, https:\/\/i2.wp.com\/carnica.sk\/carnica\/wp-content\/uploads\/2018\/03\/cd.png?w=2280 2280w\" sizes=\"(max-width: 1024px) 100vw, 1024px\" data-recalc-dims=\"1\" \/><\/h2>\n<h2 style=\"text-align: center;\"><span style=\"color: #ff0000;\">CD na\u0161ej hudobnej a spev\u00e1ckej zlo\u017eky.<\/span><\/h2>\n<p style=\"text-align: center;\">Videouk\u00e1\u017eka <a href=\"https:\/\/www.facebook.com\/FSCarnicaKosice\/videos\/401308690057734\/\" target=\"_blank\" rel=\"noopener\">TU<\/a>.<\/p>\n<h5 style=\"text-align: center;\">CD si m\u00f4\u017eete zak\u00fapi\u0165 v s\u00fabore.<\/h5>\n<p>&nbsp;<\/p>\n<hr \/>\n<h5><\/h5>\n<h4>Balogov\u00e1 Ant\u00f3nia<\/h4>\n","protected":false},"excerpt":{"rendered":"<p>CD na\u0161ej hudobnej a spev\u00e1ckej zlo\u017eky. Videouk\u00e1\u017eka TU. CD si m\u00f4\u017eete zak\u00fapi\u0165 v s\u00fabore. &nbsp; Balogov\u00e1 Ant\u00f3nia<\/p>\n","protected":false},"author":1,"featured_media":0,"parent":0,"menu_order":0,"comment_status":"closed","ping_status":"closed","template":"page-templates\/full-width.php","meta":{"spay_email":""},"jetpack_sharing_enabled":true,"jetpack_shortlink":"https:\/\/wp.me\/P8qVgM-Bp","_links":{"self":[{"href":"https:\/\/carnica.sk\/carnica\/wp-json\/wp\/v2\/pages\/2319"}],"collection":[{"href":"https:\/\/carnica.sk\/carnica\/wp-json\/wp\/v2\/pages"}],"about":[{"href":"https:\/\/carnica.sk\/carnica\/wp-json\/wp\/v2\/types\/page"}],"author":[{"embeddable":true,"href":"https:\/\/carnica.sk\/carnica\/wp-json\/wp\/v2\/users\/1"}],"replies":[{"embeddable":true,"href":"https:\/\/carnica.sk\/carnica\/wp-json\/wp\/v2\/comments?post=2319"}],"version-history":[{"count":10,"href":"https:\/\/carnica.sk\/carnica\/wp-json\/wp\/v2\/pages\/2319\/revisions"}],"predecessor-version":[{"id":3658,"href":"https:\/\/carnica.sk\/carnica\/wp-json\/wp\/v2\/pages\/2319\/revisions\/3658"}],"wp:attachment":[{"href":"https:\/\/carnica.sk\/carnica\/wp-json\/wp\/v2\/media?parent=2319"}],"curies":[{"name":"wp","href":"https:\/\/api.w.org\/{rel}","templated":true}]}}