{"id":17,"date":"2017-03-15T08:49:11","date_gmt":"2017-03-15T07:49:11","guid":{"rendered":"http:\/\/carnica.adante.systems\/carnicka\/?page_id=17"},"modified":"2022-12-01T13:34:54","modified_gmt":"2022-12-01T12:34:54","slug":"clenovia","status":"publish","type":"page","link":"https:\/\/carnica.sk\/carnicka\/?page_id=17","title":{"rendered":"\u010dlenovia"},"content":{"rendered":"<p style=\"text-align: center;\">Belu\u0161\u00e1r Luk\u00e1\u0161<\/p>\n<p style=\"text-align: center;\"><span style=\"color: #808080;\">Bene\u0161ov\u00e1 Zuna<\/span><\/p>\n<p style=\"text-align: center;\"><span style=\"color: #808080;\">Bibkov\u00e1 Catherine<\/span><\/p>\n<p style=\"text-align: center;\"><span style=\"color: #808080;\">B\u00edlekov\u00e1 Sofia<\/span><\/p>\n<p style=\"text-align: center;\"><span style=\"color: #808080;\">Bukata Daniel<\/span><\/p>\n<p style=\"text-align: center;\"><span style=\"color: #808080;\">\u010conkov\u00e1 Radka<\/span><\/p>\n<p style=\"text-align: center;\"><span style=\"color: #808080;\">Firda Filip<\/span><\/p>\n<p style=\"text-align: center;\">Gar\u010d\u00e1rov\u00e1 Vikt\u00f3ria<\/p>\n<p style=\"text-align: center;\">Gava\u013ea Matej<\/p>\n<p style=\"text-align: center;\"><span style=\"color: #808080;\">Hakulinov\u00e1 J\u00falia<\/span><\/p>\n<p style=\"text-align: center;\"><span style=\"color: #808080;\">Ha\u0161kov\u00e1 Nelly<\/span><\/p>\n<p style=\"text-align: center;\">He\u0161ko Jakub<\/p>\n<p style=\"text-align: center;\"><span style=\"color: #808080;\">Hr\u00edbikov\u00e1 Karol\u00edna<\/span><\/p>\n<p style=\"text-align: center;\">I\u013eko J\u00e1n Pavol<\/p>\n<p style=\"text-align: center;\">I\u013eko Michal August\u00edn<\/p>\n<p style=\"text-align: center;\">Jar\u010du\u0161kov\u00e1 Ema<\/p>\n<p style=\"text-align: center;\"><span style=\"color: #808080;\">Javorov\u00e1 Anna<\/span><\/p>\n<p style=\"text-align: center;\"><span style=\"color: #808080;\">Joke\u013e Flori\u00e1n Michal<\/span><\/p>\n<p style=\"text-align: center;\"><span style=\"color: #808080;\">Kicov\u00e1 Nina<\/span><\/p>\n<p style=\"text-align: center;\">Kizek Peter<\/p>\n<p style=\"text-align: center;\"><span style=\"color: #808080;\">Klein Richard<\/span><\/p>\n<p style=\"text-align: center;\">K\u00f6glovitsch R\u00f3bert<\/p>\n<p style=\"text-align: center;\"><span style=\"color: #808080;\">Kohanov\u00e1 Michaela<\/span><\/p>\n<p style=\"text-align: center;\"><span style=\"color: #808080;\">Kon\u010dekov\u00e1 So\u0148a<\/span><\/p>\n<p style=\"text-align: center;\"><span style=\"color: #808080;\">Kov\u00e1\u010dov\u00e1 Lenka<\/span><\/p>\n<p style=\"text-align: center;\"><span style=\"color: #808080;\">Ku\u010derov\u00e1 Ester<\/span><\/p>\n<p style=\"text-align: center;\"><span style=\"color: #808080;\">Mackov\u00e1 Alexandra<\/span><\/p>\n<p style=\"text-align: center;\"><span style=\"color: #808080;\">Micenkov\u00e1 Jana<\/span><\/p>\n<p style=\"text-align: center;\"><span style=\"color: #808080;\">Mikitov\u00e1 Lea<\/span><\/p>\n<p style=\"text-align: center;\"><span style=\"color: #808080;\">Mitro Sergej<\/span><\/p>\n<p style=\"text-align: center;\"><span style=\"color: #808080;\">Mol\u010d\u00e1kov\u00e1 Lenka<\/span><\/p>\n<p style=\"text-align: center;\"><span style=\"color: #808080;\">Mol\u010d\u00e1kov\u00e1 Gabriela<\/span><\/p>\n<p style=\"text-align: center;\"><span style=\"color: #808080;\">Mr\u00e1\u017eikov\u00e1 Mar\u00edna<\/span><\/p>\n<p style=\"text-align: center;\"><span style=\"color: #808080;\">Ol\u0161avsk\u00e1 Sofia<\/span><\/p>\n<p style=\"text-align: center;\"><span style=\"color: #808080;\">Pa\u0148\u00e1k Timotej<\/span><\/p>\n<p style=\"text-align: center;\"><span style=\"color: #808080;\">Papcunov\u00e1 Barbora<\/span><\/p>\n<p style=\"text-align: center;\"><span style=\"color: #808080;\">Para Christopher<\/span><\/p>\n<p style=\"text-align: center;\"><span style=\"color: #808080;\">Pasni\u0161in Maro\u0161<\/span><\/p>\n<p style=\"text-align: center;\"><span style=\"color: #808080;\">Pasni\u0161inov\u00e1 Nina<\/span><\/p>\n<p style=\"text-align: center;\"><span style=\"color: #808080;\">Petrik Mari\u00e1n<\/span><\/p>\n<p style=\"text-align: center;\"><span style=\"color: #808080;\">Petr\u00edkov\u00e1 Andrea<\/span><\/p>\n<p style=\"text-align: center;\"><span style=\"color: #808080;\">Petrov\u00e1 Martina<\/span><\/p>\n<p style=\"text-align: center;\">Popern\u00edk Oliver<\/p>\n<p style=\"text-align: center;\">Popern\u00edkov\u00e1 Hana<\/p>\n<p style=\"text-align: center;\"><span style=\"color: #808080;\">Ra\u0161iov\u00e1 Romana<\/span><\/p>\n<p style=\"text-align: center;\"><span style=\"color: #808080;\">Sit\u00e1\u0161ov\u00e1 Nela<\/span><\/p>\n<p style=\"text-align: center;\"><span style=\"color: #808080;\">Sorokov\u00e1 Lara<\/span><\/p>\n<p style=\"text-align: center;\"><span style=\"color: #808080;\">Spilar Mia<\/span><\/p>\n<p style=\"text-align: center;\">Sule\u0148ov\u00e1 Salma<\/p>\n<p style=\"text-align: center;\"><span style=\"color: #808080;\">\u0160imunsk\u00e1 Martina<\/span><\/p>\n<p style=\"text-align: center;\"><span style=\"color: #808080;\">Vage\u013e Jakub<\/span><\/p>\n<p style=\"text-align: center;\">Vereb Jakub<\/p>\n<p style=\"text-align: center;\">Vinc Norbert<\/p>\n<p style=\"text-align: center;\"><span style=\"color: #808080;\">Volo\u0161inov\u00e1 Tereza<\/span><\/p>\n<p style=\"text-align: center;\"><span style=\"color: #808080;\">Woloszynov\u00e1 Marta Anna<\/span><\/p>\n","protected":false},"excerpt":{"rendered":"<p>Belu\u0161\u00e1r Luk\u00e1\u0161 Bene\u0161ov\u00e1 Zuna Bibkov\u00e1 Catherine B\u00edlekov\u00e1 Sofia Bukata Daniel \u010conkov\u00e1 Radka Firda Filip Gar\u010d\u00e1rov\u00e1 Vikt\u00f3ria Gava\u013ea Matej Hakulinov\u00e1 J\u00falia Ha\u0161kov\u00e1 Nelly He\u0161ko Jakub Hr\u00edbikov\u00e1 Karol\u00edna I\u013eko J\u00e1n Pavol I\u013eko Michal August\u00edn Jar\u010du\u0161kov\u00e1 Ema Javorov\u00e1 Anna Joke\u013e Flori\u00e1n Michal Kicov\u00e1 Nina Kizek Peter Klein Richard K\u00f6glovitsch R\u00f3bert Kohanov\u00e1 Michaela Kon\u010dekov\u00e1 So\u0148a Kov\u00e1\u010dov\u00e1 Lenka Ku\u010derov\u00e1 Ester<\/p>\n<div><a class=\"btn-filled btn\" href=\"https:\/\/carnica.sk\/carnicka\/?page_id=17\" title=\"\u010dlenovia\">Read More<\/a><\/div>\n","protected":false},"author":1,"featured_media":0,"parent":0,"menu_order":0,"comment_status":"closed","ping_status":"closed","template":"page-templates\/full-width.php","meta":[],"jetpack_sharing_enabled":true,"jetpack_shortlink":"https:\/\/wp.me\/P8vuCR-h","_links":{"self":[{"href":"https:\/\/carnica.sk\/carnicka\/index.php?rest_route=\/wp\/v2\/pages\/17"}],"collection":[{"href":"https:\/\/carnica.sk\/carnicka\/index.php?rest_route=\/wp\/v2\/pages"}],"about":[{"href":"https:\/\/carnica.sk\/carnicka\/index.php?rest_route=\/wp\/v2\/types\/page"}],"author":[{"embeddable":true,"href":"https:\/\/carnica.sk\/carnicka\/index.php?rest_route=\/wp\/v2\/users\/1"}],"replies":[{"embeddable":true,"href":"https:\/\/carnica.sk\/carnicka\/index.php?rest_route=%2Fwp%2Fv2%2Fcomments&post=17"}],"version-history":[{"count":13,"href":"https:\/\/carnica.sk\/carnicka\/index.php?rest_route=\/wp\/v2\/pages\/17\/revisions"}],"predecessor-version":[{"id":7339,"href":"https:\/\/carnica.sk\/carnicka\/index.php?rest_route=\/wp\/v2\/pages\/17\/revisions\/7339"}],"wp:attachment":[{"href":"https:\/\/carnica.sk\/carnicka\/index.php?rest_route=%2Fwp%2Fv2%2Fmedia&parent=17"}],"curies":[{"name":"wp","href":"https:\/\/api.w.org\/{rel}","templated":true}]}}