{"id":19,"date":"2017-03-15T08:49:11","date_gmt":"2017-03-15T07:49:11","guid":{"rendered":"http:\/\/carnica.adante.systems\/carnicka\/?page_id=19"},"modified":"2017-05-12T08:37:56","modified_gmt":"2017-05-12T06:37:56","slug":"diskusia","status":"publish","type":"page","link":"https:\/\/carnica.sk\/carnicka\/?page_id=19","title":{"rendered":"diskusia"},"content":{"rendered":"<div class=\"gwolle-gb\"><div class=\"gwolle_gb_messages_top_container\"><\/div>\n\t\t\t<div class=\"gwolle-gb-write-button\">\n\t\t\t\t<input type=\"button\" name=\"gwolle-gb-write-button\" class=\"button btn btn-default \" value=\"Write a new entry.\" \/>\n\t\t\t<\/div>\n\t\t\t<form action=\"#\" method=\"POST\" class=\"gwolle-gb-write gwolle-gb-hide gwolle-gb-float gwolle_gb_form_ajax gwolle-gb-form-ajax gwolle-gb-ajax\">\n\t\t\t\t<h3>Napi\u0161te nov\u00fd z\u00e1znam do knihy n\u00e1v\u0161tev<\/h3>\n\t\t\t\t<button type=\"button\" class=\"gb-notice-dismiss\">x<span class=\"screen-reader-text\">Hide this form.<\/span><\/button>\n\t\t\t\n\t\t\t\t<input type=\"hidden\" name=\"gwolle_gb_function\" class=\"gwolle_gb_function\" value=\"add_entry\" \/><input type=\"hidden\" name=\"gwolle_gb_book_id\" class=\"gwolle_gb_book_id\" value=\"1\" \/><div class=\"gwolle_gb_8bcdc16f165e2c1c05e86a2933dc8afd\">\n\t\t\t\t<div class=\"label\"><label for=\"gwolle_gb_8bcdc16f165e2c1c05e86a2933dc8afd\" class=\"text-info\">Name *<\/label><\/div>\n\t\t\t\t<div class=\"input\"><input class=\"wp-exclude-emoji gwolle_gb_8bcdc16f165e2c1c05e86a2933dc8afd\" value=\"\" type=\"text\" name=\"gwolle_gb_8bcdc16f165e2c1c05e86a2933dc8afd\" required \/><\/div>\n\t\t\t\t<div class=\"clearBoth\">&nbsp;<\/div>\n\t\t\t<\/div><div class=\"gwolle_gb_ed222e9900b7835d3e6239504015ea47\">\n\t\t\t\t<div class=\"label\"><label for=\"gwolle_gb_ed222e9900b7835d3e6239504015ea47\" class=\"text-info\">Email *<\/label><\/div>\n\t\t\t\t<div class=\"input\"><input class=\"gwolle_gb_ed222e9900b7835d3e6239504015ea47\" value=\"\" type=\"email\" name=\"gwolle_gb_ed222e9900b7835d3e6239504015ea47\" required \/><\/div>\n\t\t\t\t<div class=\"clearBoth\">&nbsp;<\/div>\n\t\t\t<\/div>\n\t\t\t<div class=\"gwolle_gb_bd70def403f93df0180187808ddab153\" style=\"display:none;\">\n\t\t\t\t<div class=\"label\">\n\t\t\t\t\t<label for=\"gwolle_gb_bd70def403f93df0180187808ddab153\" class=\"text-primary\">Do not touch this<\/label>\n\t\t\t\t\t<label for=\"gwolle_gb_c958971a7b03bcc8b29302ddd796b6d9\" class=\"text-primary\">Do not touch this<\/label>\n\t\t\t\t<\/div>\n\t\t\t\t<div class=\"input\">\n\t\t\t\t\t<input value=\"22\" type=\"text\" name=\"gwolle_gb_bd70def403f93df0180187808ddab153\" class=\"gwolle_gb_bd70def403f93df0180187808ddab153\" \/>\n\t\t\t\t\t<input value=\"\" type=\"text\" name=\"gwolle_gb_c958971a7b03bcc8b29302ddd796b6d9\" class=\"gwolle_gb_c958971a7b03bcc8b29302ddd796b6d9\" \/>\n\t\t\t\t<\/div>\n\t\t\t\t<div class=\"clearBoth\"><\/div>\n\t\t\t<\/div>\n\t\t\t<div class=\"gwolle_gb_0904177811f63ad4f77c48f6ce35996b\" style=\"display:none;\">\n\t\t\t\t<div class=\"label\">\n\t\t\t\t\t<label for=\"gwolle_gb_0904177811f63ad4f77c48f6ce35996b\" class=\"text-primary\">Do not touch this<\/label>\n\t\t\t\t\t<label for=\"gwolle_gb_07c3f9a45d5463eeb09d4beaabd0eb60\" class=\"text-primary\">Do not touch this<\/label>\n\t\t\t\t<\/div>\n\t\t\t\t<div class=\"input\">\n\t\t\t\t\t<input value=\"26117\" type=\"text\" name=\"gwolle_gb_0904177811f63ad4f77c48f6ce35996b\" class=\"gwolle_gb_0904177811f63ad4f77c48f6ce35996b\" \/>\n\t\t\t\t\t<input value=\"26117\" type=\"text\" name=\"gwolle_gb_07c3f9a45d5463eeb09d4beaabd0eb60\" class=\"gwolle_gb_07c3f9a45d5463eeb09d4beaabd0eb60\" \/>\n\t\t\t\t<\/div>\n\t\t\t\t<div class=\"clearBoth\"><\/div>\n\t\t\t<\/div><div class=\"gwolle_gb_content\">\n\t\t\t\t<div class=\"label\"><label for=\"gwolle_gb_content\" class=\"text-info\">Guestbook entry *<\/label><\/div>\n\t\t\t\t<div class=\"input\"><textarea name=\"gwolle_gb_content\" class=\"gwolle_gb_content wp-exclude-emoji\" required ><\/textarea><\/div>\n\t\t\t\t\t<div class=\"clearBoth\">&nbsp;<\/div>\n\t\t\t\t<\/div><input type=\"hidden\" class=\"gwolle_gb_e4ae1a883a17f6b398a63b809f888433\" name=\"gwolle_gb_e4ae1a883a17f6b398a63b809f888433\" value=\"76208795c9\" \/>\n\t\t\t<div class=\"gwolle_gb_messages_bottom_container\"><\/div>\n\n\t\t\t<noscript><div class=\"no-js\">Warning: This form can only be used if JavaScript is enabled in your browser.<\/div><\/noscript>\n\n\t\t\t<div class=\"gwolle_gb_submit\">\n\t\t\t\t<div class=\"label gwolle-gb-invisible text-muted\">&nbsp;<\/div>\n\t\t\t\t<div class=\"input\">\n\t\t\t\t\t<input type=\"submit\" name=\"gwolle_gb_submit\" class=\"gwolle_gb_submit button btn btn-primary \" value=\"Submit\" \/>\n\t\t\t\t\t<span class=\"gwolle_gb_submit_ajax_icon\"><\/span>\n\t\t\t\n\t\t\t\t<\/div>\n\t\t\t\t<div class=\"clearBoth\">&nbsp;<\/div>\n\t\t\t<\/div>\n\n\t\t\t<div class=\"gwolle_gb_notice\">\n\t\t\t\tFields marked with * are required.<br \/>\r\nYour E-mail address won&#039;t be published.<br \/>\r\nFor security reasons we save the IP address 216.73.216.28.<br \/>\r\nIt&#039;s possible that your entry will only be visible in the guestbook after we reviewed it.<br \/>\r\nWe reserve the right to edit, delete, or not publish entries.\n\t\t\t<\/div><\/form><div class=\"gwolle-gb-read gwolle-gb-ajax\" data-book_id=\"1\"><div id=\"gwolle-gb-total\" class=\"gwolle-gb-total\">1 entry.<\/div><!-- Gwolle-GB Entry: Default Template Loaded -->\n\t\t\t\t<div class=\"gb-entry gb-entry_43 gb-entry-count_1 gwolle_gb_uneven gwolle-gb-uneven gwolle_gb_first gwolle-gb-first\">\n\t\t\t\t<article>\n\t\t\t\t\t<div class=\"gb-author-info\">\n\t\t\t\t\t\t<span class=\"gb-author-avatar\"><img referrerpolicy=\"no-referrer\" alt='Julia' src='https:\/\/secure.gravatar.com\/avatar\/c1b92e3aeeaab337983d17e613cef65c?s=32&#038;d=mm&#038;r=g' srcset='https:\/\/secure.gravatar.com\/avatar\/c1b92e3aeeaab337983d17e613cef65c?s=64&#038;d=mm&#038;r=g 2x' class='avatar avatar-32 photo' height='32' width='32' loading='lazy'\/><\/span>\n\t\t\t\t\t\t<span class=\"gb-author-name\">Julia\n\t\t\t\t\t\t<\/span>\n\t\t\t\t\t\t<span class=\"gb-datetime\">\n\t\t\t\t\t\t\t<span class=\"gb-date\"><span class=\"gb-date-wrote-text\"> wrote on<\/span><span class=\"gb-date-text\"> 6. febru\u00e1ra 2023<\/span>\n\t\t\t\t\t\t\t<\/span><span class=\"gb-time\">\n\t\t\t\t\t\t\t\t\t<span class=\"gb-time-at-text\"> at<\/span>\n\t\t\t\t\t\t\t\t\t<span class=\"gb-time-text\"> 19:12<\/span>\n\t\t\t\t\t\t\t\t<\/span>\n\t\t\t\t\t\t<\/span> \n\t\t\t\t\t<\/div>\n\t\t\t\t\t<div class=\"gb-entry-content\">Dobry den mila Carnicka,\nRadaby som sa opytala,ako naberate novych clenov. Mojja 5 rocna dcera by rada skusila ludovy tanec a vobec neviem,ako to chodi. Je nutne prist ku Vam na talentovky ? Alebo m9ze prist na skusobnu hodinu ? Skusenosti nema skoro ziadne( chodila na balet Crievicka ).\nDakujem za Vas cas a ochotu a akukolvek odpoved,s pozdravom \nJulia Santovjakova\n\t\t\t\t\t<\/div>\n\t\t\t\t<\/article>\n\t\t\t<\/div>\n\t\t\t<\/div><\/div>\n","protected":false},"excerpt":{"rendered":"","protected":false},"author":1,"featured_media":0,"parent":0,"menu_order":0,"comment_status":"closed","ping_status":"closed","template":"page-templates\/full-width.php","meta":[],"jetpack_sharing_enabled":true,"jetpack_shortlink":"https:\/\/wp.me\/P8vuCR-j","_links":{"self":[{"href":"https:\/\/carnica.sk\/carnicka\/index.php?rest_route=\/wp\/v2\/pages\/19"}],"collection":[{"href":"https:\/\/carnica.sk\/carnicka\/index.php?rest_route=\/wp\/v2\/pages"}],"about":[{"href":"https:\/\/carnica.sk\/carnicka\/index.php?rest_route=\/wp\/v2\/types\/page"}],"author":[{"embeddable":true,"href":"https:\/\/carnica.sk\/carnicka\/index.php?rest_route=\/wp\/v2\/users\/1"}],"replies":[{"embeddable":true,"href":"https:\/\/carnica.sk\/carnicka\/index.php?rest_route=%2Fwp%2Fv2%2Fcomments&post=19"}],"version-history":[{"count":2,"href":"https:\/\/carnica.sk\/carnicka\/index.php?rest_route=\/wp\/v2\/pages\/19\/revisions"}],"predecessor-version":[{"id":45,"href":"https:\/\/carnica.sk\/carnicka\/index.php?rest_route=\/wp\/v2\/pages\/19\/revisions\/45"}],"wp:attachment":[{"href":"https:\/\/carnica.sk\/carnicka\/index.php?rest_route=%2Fwp%2Fv2%2Fmedia&parent=19"}],"curies":[{"name":"wp","href":"https:\/\/api.w.org\/{rel}","templated":true}]}}