{"id":34,"date":"2017-03-15T08:52:10","date_gmt":"2017-03-15T07:52:10","guid":{"rendered":"http:\/\/carnica.adante.systems\/carnicka\/?page_id=34"},"modified":"2024-02-19T08:05:25","modified_gmt":"2024-02-19T07:05:25","slug":"kontakt","status":"publish","type":"page","link":"https:\/\/carnica.sk\/carnicka\/?page_id=34","title":{"rendered":"kontakt"},"content":{"rendered":"<p style=\"text-align: center;\"><strong>Kontaktn\u00e1 adresa:<\/strong><\/p>\n<div class=\"\" style=\"text-align: center;\" data-block=\"true\" data-editor=\"c3l5\" data-offset-key=\"ddrj3-0-0\">\n<div class=\"_1mf _1mj\" data-offset-key=\"ddrj3-0-0\"><span data-offset-key=\"ddrj3-0-0\">Folkl\u00f3rny s\u00fabor \u010carnica<\/span><\/div>\n<\/div>\n<div class=\"\" style=\"text-align: center;\" data-block=\"true\" data-editor=\"c3l5\" data-offset-key=\"6goqa-0-0\">\n<div class=\"_1mf _1mj\" data-offset-key=\"6goqa-0-0\"><span data-offset-key=\"6goqa-0-0\">Ke\u017emarsk\u00e1 46<\/span><\/div>\n<\/div>\n<div class=\"\" style=\"text-align: center;\" data-block=\"true\" data-editor=\"c3l5\" data-offset-key=\"6goqa-0-0\">\n<div class=\"_1mf _1mj\" data-offset-key=\"6goqa-0-0\"><span data-offset-key=\"6goqa-0-0\">040 11, Ko\u0161ice, Slovensko<\/span><\/div>\n<\/div>\n<div class=\"\" style=\"text-align: center;\" data-block=\"true\" data-editor=\"c3l5\" data-offset-key=\"8b3ll-0-0\">\n<div class=\"_1mf _1mj\" data-offset-key=\"8b3ll-0-0\"><span data-offset-key=\"8b3ll-0-0\">dfscarnicka@gmail.com<\/span><\/div>\n<div data-offset-key=\"8b3ll-0-0\"><\/div>\n<\/div>\n<p style=\"text-align: center;\"><strong>Vedenie s\u00faboru:<\/strong><\/p>\n<div class=\"\" style=\"text-align: center;\" data-block=\"true\" data-editor=\"c3l5\" data-offset-key=\"ddrj3-0-0\">\n<div class=\"_1mf _1mj\" data-offset-key=\"ddrj3-0-0\"><em>Ved\u00face tane\u010dnej zlo\u017eky:<\/em> Adriana Cacarov\u00e1, Lenka Richnavsk\u00e1, Eva Luk\u00e1\u010dov\u00e1, Zuzana Tom\u010d\u00edkov\u00e1<\/div>\n<\/div>\n<div data-offset-key=\"ddrj3-0-0\"><\/div>\n<div style=\"text-align: center;\" data-offset-key=\"ddrj3-0-0\"><strong>Eva Luk\u00e1\u010dov\u00e1<\/strong><\/div>\n<div style=\"text-align: center;\" data-offset-key=\"ddrj3-0-0\">+421905319799<\/div>\n<div data-offset-key=\"ddrj3-0-0\"><\/div>\n<div data-offset-key=\"ddrj3-0-0\"><\/div>\n<div data-offset-key=\"6goqa-0-0\"><\/div>\n<div class=\"\" style=\"text-align: center;\" data-block=\"true\" data-editor=\"c3l5\" data-offset-key=\"6goqa-0-0\">\n<div data-offset-key=\"6goqa-0-0\"><\/div>\n<\/div>\n<div style=\"text-align: center;\" data-offset-key=\"6goqa-0-0\">\n<div class=\"\" data-block=\"true\" data-editor=\"c3l5\" data-offset-key=\"6goqa-0-0\">\n<div class=\"_1mf _1mj\" data-offset-key=\"6goqa-0-0\"><\/div>\n<\/div>\n<\/div>\n<div class=\"mapa\"><iframe loading=\"lazy\" style=\"border: 0;\" src=\"https:\/\/www.google.com\/maps\/embed?pb=!1m18!1m12!1m3!1d1316.3974732405272!2d21.232964772464175!3d48.709400131202244!2m3!1f0!2f0!3f0!3m2!1i1024!2i768!4f13.1!3m3!1m2!1s0x0%3A0x8e3818d2568933d8!2zRm9sa2zDs3JueSBTw7pib3IgxIxhcm5pY2E!5e0!3m2!1ssk!2ssk!4v1489332030120\" width=\"100%\" height=\"500\" frameborder=\"0\" allowfullscreen=\"allowfullscreen\"><\/iframe><\/div>\n","protected":false},"excerpt":{"rendered":"<p>Kontaktn\u00e1 adresa: Folkl\u00f3rny s\u00fabor \u010carnica Ke\u017emarsk\u00e1 46 040 11, Ko\u0161ice, Slovensko dfscarnicka@gmail.com Vedenie s\u00faboru: Ved\u00face tane\u010dnej zlo\u017eky: Adriana Cacarov\u00e1, Lenka Richnavsk\u00e1, Eva Luk\u00e1\u010dov\u00e1, Zuzana Tom\u010d\u00edkov\u00e1 Eva Luk\u00e1\u010dov\u00e1 +421905319799<\/p>\n","protected":false},"author":1,"featured_media":0,"parent":0,"menu_order":0,"comment_status":"closed","ping_status":"closed","template":"page-templates\/full-width.php","meta":[],"jetpack_sharing_enabled":true,"jetpack_shortlink":"https:\/\/wp.me\/P8vuCR-y","_links":{"self":[{"href":"https:\/\/carnica.sk\/carnicka\/index.php?rest_route=\/wp\/v2\/pages\/34"}],"collection":[{"href":"https:\/\/carnica.sk\/carnicka\/index.php?rest_route=\/wp\/v2\/pages"}],"about":[{"href":"https:\/\/carnica.sk\/carnicka\/index.php?rest_route=\/wp\/v2\/types\/page"}],"author":[{"embeddable":true,"href":"https:\/\/carnica.sk\/carnicka\/index.php?rest_route=\/wp\/v2\/users\/1"}],"replies":[{"embeddable":true,"href":"https:\/\/carnica.sk\/carnicka\/index.php?rest_route=%2Fwp%2Fv2%2Fcomments&post=34"}],"version-history":[{"count":16,"href":"https:\/\/carnica.sk\/carnicka\/index.php?rest_route=\/wp\/v2\/pages\/34\/revisions"}],"predecessor-version":[{"id":9421,"href":"https:\/\/carnica.sk\/carnicka\/index.php?rest_route=\/wp\/v2\/pages\/34\/revisions\/9421"}],"wp:attachment":[{"href":"https:\/\/carnica.sk\/carnicka\/index.php?rest_route=%2Fwp%2Fv2%2Fmedia&parent=34"}],"curies":[{"name":"wp","href":"https:\/\/api.w.org\/{rel}","templated":true}]}}