{"id":1948,"date":"2017-03-15T09:03:26","date_gmt":"2017-03-15T08:03:26","guid":{"rendered":"http:\/\/carnica.adante.systems\/carnulienka\/?page_id=1948"},"modified":"2017-08-30T20:49:24","modified_gmt":"2017-08-30T18:49:24","slug":"kontakt","status":"publish","type":"page","link":"https:\/\/carnica.sk\/carnulienka\/kontakt\/","title":{"rendered":"kontakt"},"content":{"rendered":"<p style=\"text-align: center;\"><strong>Kontaktn\u00e1 adresa:<\/strong><\/p>\n<div class=\"\" data-block=\"true\" data-editor=\"c3l5\" data-offset-key=\"ddrj3-0-0\">\n<div class=\"_1mf _1mj\" style=\"text-align: center;\" data-offset-key=\"ddrj3-0-0\"><span data-offset-key=\"ddrj3-0-0\">Folkl\u00f3rny s\u00fabor \u010carnica<\/span><\/div>\n<\/div>\n<div class=\"\" style=\"text-align: center;\" data-block=\"true\" data-editor=\"c3l5\" data-offset-key=\"6goqa-0-0\">\n<div class=\"_1mf _1mj\" data-offset-key=\"6goqa-0-0\"><span data-offset-key=\"6goqa-0-0\">Ke\u017emarsk\u00e1 46<\/span><\/div>\n<\/div>\n<div class=\"\" style=\"text-align: center;\" data-block=\"true\" data-editor=\"c3l5\" data-offset-key=\"6goqa-0-0\">\n<div class=\"_1mf _1mj\" data-offset-key=\"6goqa-0-0\"><span data-offset-key=\"6goqa-0-0\">040 11, Ko\u0161ice, Slovensko<\/span><\/div>\n<\/div>\n<div class=\"\" data-block=\"true\" data-editor=\"c3l5\" data-offset-key=\"8b3ll-0-0\">\n<div class=\"_1mf _1mj\" style=\"text-align: center;\" data-offset-key=\"8b3ll-0-0\"><span data-offset-key=\"8b3ll-0-0\">carnulienka@carnica.sk<\/span><\/div>\n<\/div>\n<p>&nbsp;<\/p>\n<p style=\"text-align: center;\"><strong>Vedenie s\u00faboru:<\/strong><\/p>\n<div class=\"\" data-block=\"true\" data-editor=\"c3l5\" data-offset-key=\"ddrj3-0-0\">\n<div class=\"_1mf _1mj\" style=\"text-align: center;\" data-offset-key=\"ddrj3-0-0\"><span data-offset-key=\"ddrj3-0-0\"><i>Ved\u00faca tane\u010dnej \u0161koly:<\/i> Ing. Zuzana Sn\u00edtila<\/span><\/div>\n<\/div>\n<p>&nbsp;<\/p>\n<p style=\"text-align: center;\"><strong>Telef\u00f3n:<\/strong><\/p>\n<div class=\"\" data-block=\"true\" data-editor=\"c3l5\" data-offset-key=\"ddrj3-0-0\">\n<div class=\"_1mf _1mj\" style=\"text-align: center;\" data-offset-key=\"ddrj3-0-0\">+421907 403874<\/div>\n<\/div>\n<div class=\"\" style=\"text-align: center;\" data-block=\"true\" data-editor=\"c3l5\" data-offset-key=\"6goqa-0-0\"><\/div>\n<p>&nbsp;<\/p>\n<div class=\"\" data-block=\"true\" data-editor=\"c3l5\" data-offset-key=\"ddrj3-0-0\"><\/div>\n<p>&nbsp;<\/p>\n<div class=\"mapa\"><iframe loading=\"lazy\" style=\"border: 0;\" src=\"https:\/\/www.google.com\/maps\/embed?pb=!1m18!1m12!1m3!1d1316.3974732405272!2d21.232964772464175!3d48.709400131202244!2m3!1f0!2f0!3f0!3m2!1i1024!2i768!4f13.1!3m3!1m2!1s0x0%3A0x8e3818d2568933d8!2zRm9sa2zDs3JueSBTw7pib3IgxIxhcm5pY2E!5e0!3m2!1ssk!2ssk!4v1489332030120\" width=\"100%\" height=\"500\" frameborder=\"0\" allowfullscreen=\"allowfullscreen\"><\/iframe><\/div>\n","protected":false},"excerpt":{"rendered":"<p>Kontaktn\u00e1 adresa: Folkl\u00f3rny s\u00fabor \u010carnica Ke\u017emarsk\u00e1 46 040 11, Ko\u0161ice, Slovensko carnulienka@carnica.sk &nbsp; Vedenie s\u00faboru: Ved\u00faca tane\u010dnej \u0161koly: Ing. Zuzana Sn\u00edtila &nbsp; Telef\u00f3n: +421907 403874 &nbsp; &nbsp;<\/p>\n","protected":false},"author":1,"featured_media":0,"parent":0,"menu_order":0,"comment_status":"closed","ping_status":"closed","template":"page-templates\/full-width.php","meta":{"spay_email":""},"jetpack_sharing_enabled":true,"jetpack_shortlink":"https:\/\/wp.me\/P8vupp-vq","_links":{"self":[{"href":"https:\/\/carnica.sk\/carnulienka\/wp-json\/wp\/v2\/pages\/1948"}],"collection":[{"href":"https:\/\/carnica.sk\/carnulienka\/wp-json\/wp\/v2\/pages"}],"about":[{"href":"https:\/\/carnica.sk\/carnulienka\/wp-json\/wp\/v2\/types\/page"}],"author":[{"embeddable":true,"href":"https:\/\/carnica.sk\/carnulienka\/wp-json\/wp\/v2\/users\/1"}],"replies":[{"embeddable":true,"href":"https:\/\/carnica.sk\/carnulienka\/wp-json\/wp\/v2\/comments?post=1948"}],"version-history":[{"count":4,"href":"https:\/\/carnica.sk\/carnulienka\/wp-json\/wp\/v2\/pages\/1948\/revisions"}],"predecessor-version":[{"id":2006,"href":"https:\/\/carnica.sk\/carnulienka\/wp-json\/wp\/v2\/pages\/1948\/revisions\/2006"}],"wp:attachment":[{"href":"https:\/\/carnica.sk\/carnulienka\/wp-json\/wp\/v2\/media?parent=1948"}],"curies":[{"name":"wp","href":"https:\/\/api.w.org\/{rel}","templated":true}]}}